{"id":514,"date":"2013-02-20T15:42:25","date_gmt":"2013-02-20T14:42:25","guid":{"rendered":"http:\/\/www.team-outdoor.fr\/blog\/?page_id=514"},"modified":"2025-04-27T17:19:37","modified_gmt":"2025-04-27T16:19:37","slug":"le-team-athletes-team-outdoor-poli","status":"publish","type":"page","link":"https:\/\/www.team-outdoor.fr\/blog\/le-team-athletes-team-outdoor-poli\/","title":{"rendered":"Le Team athl\u00e8tes : Team Outdoor Paris"},"content":{"rendered":"<p style=\"text-align: center;\"><span style=\"font-family: andale mono,times; color: #000000; font-size: 28px;\"><strong><br class=\"none\">TOP (Team Outdoor Paris)<br class=\"none\"><br class=\"none\"><\/strong><\/span><\/p>\n<p><img loading=\"lazy\" decoding=\"async\" class=\"size-full wp-image-10155 aligncenter\" src=\"http:\/\/www.team-outdoor.fr\/blog\/wp-content\/uploads\/2015\/12\/2-2.jpg\" alt=\"2 2\" width=\"1000\" height=\"667\" srcset=\"https:\/\/www.team-outdoor.fr\/blog\/wp-content\/uploads\/2015\/12\/2-2.jpg 1000w, https:\/\/www.team-outdoor.fr\/blog\/wp-content\/uploads\/2015\/12\/2-2-300x200.jpg 300w, https:\/\/www.team-outdoor.fr\/blog\/wp-content\/uploads\/2015\/12\/2-2-768x512.jpg 768w, https:\/\/www.team-outdoor.fr\/blog\/wp-content\/uploads\/2015\/12\/2-2-600x400.jpg 600w\" sizes=\"auto, (max-width: 1000px) 100vw, 1000px\" \/><\/p>\n<p style=\"text-align: justify;\"><span style=\"font-family: times new roman,times; font-size: 12pt; color: #000000;\"><strong><br class=\"none\">Le Team Athl\u00e8tes, ou TOP (Team Outdoor Paris), <\/strong>c&rsquo;est une \u00e9quipe de 15 coureuses et coureurs qui m&rsquo;accompagnent depuis la cr\u00e9ation de TEAM OUTDOOR. <\/span><\/p>\n<p style=\"text-align: justify;\"><span style=\"font-family: times new roman,times; font-size: 12pt; color: #000000;\"><strong>Cette ann\u00e9e, ce sont 15 franciliennes et franciliens<\/strong> qui repr\u00e9sentent les couleurs de TEAM OUTDOOR sur les routes et chemins de France et de Navarre. Vous pourrez suivre toutes leurs aventures, leurs retour tests produits ainsi que leurs conseils au travers les diff\u00e9rentes rubriques de ce blog.<br><\/span><\/p>\n<p>Le TOP c&rsquo;est aussi des marques partenaires qui nous accompagnent&nbsp; : ASICS pour les chaussures de Trail, MELTONIC pour la nutrition sportive, BV SPORT pour les chaussettes et la compression et notre partenaire Pr\u00e9aparation Mentale : Performance Et Coaching.&nbsp;<strong><br><\/strong><\/p>\n<p><span style=\"font-family: times new roman,times; font-size: 12pt; color: #000000;\"><strong>Sans le TOP, TEAM OUTDOOR ne serait pas TEAM OUTDOOR<\/strong>. Ils sont toujours l\u00e0, \u00e0 mes cot\u00e9s, que cela soit <a href=\"http:\/\/www.team-outdoor.fr\/blog\/category\/on-l-a-fait\/\" target=\"_blank\" rel=\"noopener\"><span style=\"color: #800080;\">sur le terrain<\/span><\/a>, via leurs r\u00e9cits, leurs <a href=\"http:\/\/www.team-outdoor.fr\/blog\/category\/on-a-teste-pour-vous\/\" target=\"_blank\" rel=\"noopener\"><span style=\"color: #800080;\">tests produits<\/span><\/a>, leur pr\u00e9sence aux <a href=\"http:\/\/www.team-outdoor.fr\/blog\/category\/les-veillees-du-bois\/\" target=\"_blank\" rel=\"noopener\"><span style=\"color: #800080;\">Veill\u00e9es du Bois<\/span><\/a> Toujours l\u00e0, \u00e9galement, pour m&rsquo;\u00e9pauler, m&rsquo;aider, me guider lors de lors de la mise en place d&rsquo;un nouveau concept, d&rsquo;une nouvelle orientation pour le magasin.&nbsp; Toujours l\u00e0, encore, lorsqu&rsquo;il s&rsquo;agit de se soutenir les uns les autres, que cela soit dans le domaine du sport ou sur le plan personnel. Toujours l\u00e0 et toujours avec le sourire, c&rsquo;est \u00e7a le TOP.<\/span><br><span style=\"font-family: times new roman,times; font-size: 12pt;\"> &nbsp;<\/span><br><span style=\"font-family: times new roman,times; font-size: 12pt;\"> <strong>J<span style=\"color: #000000;\">&lsquo;ai vraiment une chance infinie d<\/span><\/strong><span style=\"color: #000000;\">e pouvoir compter sur cette \u00e9quipe qui, au del\u00e0 de ses r\u00e9sultats sportifs de premier plan, incarne autant de passion, de g\u00e9n\u00e9rosit\u00e9 et d&rsquo;humilit\u00e9! Je les remercie vivement pour tout ce qu&rsquo;ils apportent \u00e0 TO certes, mais aussi et surtout pour leurs valeurs, pour leur \u00e9tat d&rsquo;esprit qui a fait de la TEAM ce qu&rsquo;elle est aujourd&rsquo;hui. Et \u00e0 titre plus personnel, je les remercie sinc\u00e8rement pour leur amiti\u00e9.<\/span><\/span><br><span style=\"font-family: times new roman,times; font-size: 12pt; color: #000000;\"> &nbsp;<\/span><br><span style=\"font-family: times new roman,times; color: #000000;\">Gr\u00e2ce \u00e0 nos r\u00e9sultats sportifs, nous int\u00e9grons pour la quatri\u00e8me ann\u00e9e cons\u00e9cutive, le classement national des Teams Trail \u00c9lites Fran\u00e7ais.<\/span><\/p>\n<p><span style=\"font-size: 18px;\"><strong><span style=\"font-family: times new roman,times; color: #000000;\">Toute l&rsquo;\u00e9quipe du TOP&nbsp; se joint \u00e0 moi pour vous dire \u00e0 tr\u00e8s bient\u00f4t!<\/span><\/strong><\/span><\/p>\n<p><strong><span style=\"font-size: 20px;\">agn\u00e8s HERVE, Manager Team Outdoor Poli<\/span><\/strong><\/p>\n\n\n<p><\/p>\n","protected":false},"excerpt":{"rendered":"<p>TOP (Team Outdoor Paris) Le Team Athl\u00e8tes, ou TOP (Team Outdoor Paris), c&rsquo;est une \u00e9quipe de 15 coureuses et coureurs qui m&rsquo;accompagnent depuis la cr\u00e9ation de TEAM OUTDOOR. Cette ann\u00e9e, ce sont 15 franciliennes et franciliens qui repr\u00e9sentent les couleurs de TEAM OUTDOOR sur les routes et chemins de France et de Navarre. Vous pourrez [&hellip;]<\/p>\n","protected":false},"author":1,"featured_media":0,"parent":0,"menu_order":0,"comment_status":"open","ping_status":"open","template":"","meta":{"ngg_post_thumbnail":0,"footnotes":""},"class_list":["post-514","page","type-page","status-publish","hentry","has-post-title","has-post-date","has-post-category","has-post-tag","has-post-comment","has-post-author",""],"_links":{"self":[{"href":"https:\/\/www.team-outdoor.fr\/blog\/wp-json\/wp\/v2\/pages\/514","targetHints":{"allow":["GET"]}}],"collection":[{"href":"https:\/\/www.team-outdoor.fr\/blog\/wp-json\/wp\/v2\/pages"}],"about":[{"href":"https:\/\/www.team-outdoor.fr\/blog\/wp-json\/wp\/v2\/types\/page"}],"author":[{"embeddable":true,"href":"https:\/\/www.team-outdoor.fr\/blog\/wp-json\/wp\/v2\/users\/1"}],"replies":[{"embeddable":true,"href":"https:\/\/www.team-outdoor.fr\/blog\/wp-json\/wp\/v2\/comments?post=514"}],"version-history":[{"count":61,"href":"https:\/\/www.team-outdoor.fr\/blog\/wp-json\/wp\/v2\/pages\/514\/revisions"}],"predecessor-version":[{"id":17769,"href":"https:\/\/www.team-outdoor.fr\/blog\/wp-json\/wp\/v2\/pages\/514\/revisions\/17769"}],"wp:attachment":[{"href":"https:\/\/www.team-outdoor.fr\/blog\/wp-json\/wp\/v2\/media?parent=514"}],"curies":[{"name":"wp","href":"https:\/\/api.w.org\/{rel}","templated":true}]}}