{"id":77,"date":"2012-12-18T22:20:28","date_gmt":"2012-12-18T21:20:28","guid":{"rendered":"http:\/\/www.team-outdoor.fr\/blog\/?page_id=77"},"modified":"2025-04-27T17:22:27","modified_gmt":"2025-04-27T16:22:27","slug":"qui-sommes-nous","status":"publish","type":"page","link":"https:\/\/www.team-outdoor.fr\/blog\/qui-sommes-nous\/","title":{"rendered":"Qui sommes nous?"},"content":{"rendered":"\n<div style=\"height:20px\" aria-hidden=\"true\" class=\"wp-block-spacer\"><\/div>\n\n\n\n<p class=\"has-very-dark-gray-color has-text-color\" style=\"font-size:clamp(14.642px, 0.915rem + ((1vw - 3.2px) * 0.575), 22px);px\"><strong>Team Outdoor, 2 Place Edouard RENARD &#8211; 75 012 PARIS &#8211; Bois de Vincennes<\/strong> <\/p>\n\n\n\n<div style=\"height:20px\" aria-hidden=\"true\" class=\"wp-block-spacer\"><\/div>\n\n\n\n<p class=\"has-very-dark-gray-color has-text-color has-normal-font-size\"><strong>TEAM OUTDOOR <\/strong>c&rsquo;est un <strong>magasin sp\u00e9cialis\u00e9<\/strong> en Course \u00e0 Pied, Trail, Triathlon, SwimRun, Marche Nordique, Bungy Pump et, en Canicross, avec des produits d\u00e9di\u00e9s \u00e0 votre pratique. <strong>Team Outdoor<\/strong> c&rsquo;est aussi, une <strong>boutique de vente en ligne<\/strong> :<strong> <a rel=\"noreferrer noopener\" href=\"http:\/\/www.team-outdoor.fr\" target=\"_blank\">www-team-outdoor.fr<\/a><\/strong>. d\u00e9couvrez l&rsquo;ambiance et toutes es nouveaut\u00e9s sur notre compte <strong><a href=\"https:\/\/www.instagram.com\/teamoutdoorparis\">Instagram<\/a><\/strong> d\u00e9di\u00e9 et notre page <a rel=\"noreferrer noopener\" aria-label=\"Facebook (s\u2019ouvre dans un nouvel onglet)\" href=\"https:\/\/www.facebook.com\/teamoutdoor\/\" target=\"_blank\"><strong>Facebook<\/strong><\/a>.<\/p>\n\n\n\n<div style=\"height:20px\" aria-hidden=\"true\" class=\"wp-block-spacer\"><\/div>\n\n\n\n<p class=\"has-very-dark-gray-color has-text-color has-normal-font-size\">Outre des produits, vous pourrez trouver chez TEAM OUTDOOR, diff\u00e9rents <strong><a rel=\"noreferrer noopener\" href=\"http:\/\/www.team-outdoor.fr\/blog\/category\/nos-services\/\" target=\"_blank\">services<\/a><\/strong>&nbsp;  : location de b\u00e2tons de Marche Nordique, de BungyPump et de Trail, location de lampes frontales et location de combinaisons n\u00e9opr\u00e8nes de Triathlon et de SwimRun et de trifonctions.<\/p>\n\n\n\n<div style=\"height:20px\" aria-hidden=\"true\" class=\"wp-block-spacer\"><\/div>\n\n\n\n<p class=\"has-very-dark-gray-color has-text-color has-normal-font-size\"> Mais <strong>Team Outdoor<\/strong> c&rsquo;est aussi une \u00e9quipe pour vous conseiller. Pour vous accueillir en magasin  : Antoine, Jonathan et Agn\u00e8s. <\/p>\n\n\n\n<div style=\"height:20px\" aria-hidden=\"true\" class=\"wp-block-spacer\"><\/div>\n\n\n\n<figure class=\"wp-block-gallery has-nested-images columns-default is-cropped wp-block-gallery-1 is-layout-flex wp-block-gallery-is-layout-flex\">\n<figure class=\"wp-block-image size-large\"><a href=\"https:\/\/www.team-outdoor.fr\/blog\/wp-content\/uploads\/2022\/05\/2021-09-25-09.55.17-scaled.jpg\"><img loading=\"lazy\" decoding=\"async\" width=\"2560\" height=\"1920\" data-id=\"16333\" src=\"https:\/\/www.team-outdoor.fr\/blog\/wp-content\/uploads\/2022\/05\/2021-09-25-09.55.17-scaled.jpg\" alt=\"\" class=\"wp-image-16333\" srcset=\"https:\/\/www.team-outdoor.fr\/blog\/wp-content\/uploads\/2022\/05\/2021-09-25-09.55.17-scaled.jpg 2560w, https:\/\/www.team-outdoor.fr\/blog\/wp-content\/uploads\/2022\/05\/2021-09-25-09.55.17-300x225.jpg 300w, https:\/\/www.team-outdoor.fr\/blog\/wp-content\/uploads\/2022\/05\/2021-09-25-09.55.17-1024x768.jpg 1024w, https:\/\/www.team-outdoor.fr\/blog\/wp-content\/uploads\/2022\/05\/2021-09-25-09.55.17-768x576.jpg 768w, https:\/\/www.team-outdoor.fr\/blog\/wp-content\/uploads\/2022\/05\/2021-09-25-09.55.17-1536x1152.jpg 1536w, https:\/\/www.team-outdoor.fr\/blog\/wp-content\/uploads\/2022\/05\/2021-09-25-09.55.17-2048x1536.jpg 2048w\" sizes=\"auto, (max-width: 2560px) 100vw, 2560px\" \/><\/a><\/figure>\n\n\n\n<figure class=\"wp-block-image size-large\"><a href=\"https:\/\/www.team-outdoor.fr\/blog\/wp-content\/uploads\/2022\/05\/received_3044818825806841.jpeg\"><img loading=\"lazy\" decoding=\"async\" width=\"720\" height=\"960\" data-id=\"16334\" src=\"https:\/\/www.team-outdoor.fr\/blog\/wp-content\/uploads\/2022\/05\/received_3044818825806841.jpeg\" alt=\"\" class=\"wp-image-16334\" srcset=\"https:\/\/www.team-outdoor.fr\/blog\/wp-content\/uploads\/2022\/05\/received_3044818825806841.jpeg 720w, https:\/\/www.team-outdoor.fr\/blog\/wp-content\/uploads\/2022\/05\/received_3044818825806841-225x300.jpeg 225w\" sizes=\"auto, (max-width: 720px) 100vw, 720px\" \/><\/a><\/figure>\n<\/figure>\n\n\n\n<div style=\"height:20px\" aria-hidden=\"true\" class=\"wp-block-spacer\"><\/div>\n\n\n\n<p class=\"has-very-dark-gray-color has-text-color has-normal-font-size\"> Pour compl\u00e9ter l&rsquo;\u00e9quipe, les<a rel=\"noreferrer noopener\" href=\"http:\/\/www.team-outdoor.fr\/blog\/le-team-athletes\/\" target=\"_blank\"><strong> athl\u00e8tes du Team Outdoor Poli<\/strong><\/a>, que vous rencontrerez chez <strong>Team Outdoor<\/strong> lors des diverses animations magasin (les <a rel=\"noreferrer noopener\" href=\"http:\/\/www.team-outdoor.fr\/blog\/category\/les-veillees-du-bois\/\" target=\"_blank\"><strong>Veill\u00e9es du Bois<\/strong><\/a>, animations commerciales&#8230;) ou le week-ends sur les routes et chemins. Vous pourrez les suivre sur notre page <a rel=\"noreferrer noopener\" href=\"https:\/\/www.facebook.com\/teamoutdoor\/\" target=\"_blank\"><strong>Facebook<\/strong><\/a> et sur le blog via notre rubrique \u00ab\u00a0<a rel=\"noreferrer noopener\" href=\"http:\/\/www.team-outdoor.fr\/blog\/category\/on-l-a-fait\/\" target=\"_blank\"><strong>On l&rsquo;a fait<\/strong><\/a>\u00a0\u00bb ou encore sur <a href=\"https:\/\/www.instagram.com\/teamoutdoorparis\"><strong>Instagram<\/strong><\/a>.  <\/p>\n\n\n\n<div style=\"height:20px\" aria-hidden=\"true\" class=\"wp-block-spacer\"><\/div>\n\n\n\n<figure class=\"wp-block-image size-large is-style-default\"><a href=\"https:\/\/www.team-outdoor.fr\/blog\/wp-content\/uploads\/2022\/05\/IMG_4813.jpg\"><img loading=\"lazy\" decoding=\"async\" width=\"1024\" height=\"683\" src=\"https:\/\/www.team-outdoor.fr\/blog\/wp-content\/uploads\/2022\/05\/IMG_4813-1024x683.jpg\" alt=\"\" class=\"wp-image-16335\" srcset=\"https:\/\/www.team-outdoor.fr\/blog\/wp-content\/uploads\/2022\/05\/IMG_4813-1024x683.jpg 1024w, https:\/\/www.team-outdoor.fr\/blog\/wp-content\/uploads\/2022\/05\/IMG_4813-300x200.jpg 300w, https:\/\/www.team-outdoor.fr\/blog\/wp-content\/uploads\/2022\/05\/IMG_4813-768x512.jpg 768w, https:\/\/www.team-outdoor.fr\/blog\/wp-content\/uploads\/2022\/05\/IMG_4813-1536x1024.jpg 1536w, https:\/\/www.team-outdoor.fr\/blog\/wp-content\/uploads\/2022\/05\/IMG_4813.jpg 2048w\" sizes=\"auto, (max-width: 1024px) 100vw, 1024px\" \/><\/a><\/figure>\n\n\n\n<div style=\"height:20px\" aria-hidden=\"true\" class=\"wp-block-spacer\"><\/div>\n\n\n\n<p class=\"has-very-dark-gray-color has-text-color has-normal-font-size\">Les athl\u00e8tes du TOP vous proposeront \u00e9galement leurs avis sur diff\u00e9rents produits test\u00e9s dans notre rubrique &lsquo;<a rel=\"noreferrer noopener\" href=\"http:\/\/www.team-outdoor.fr\/blog\/category\/on-a-teste-pour-vous\/\" target=\"_blank\"><strong>On a test\u00e9 pour vous<\/strong><\/a>\u00ab\u00a0. Enfin, ils vous d\u00e9voileront en toute humilit\u00e9 leurs trucs et astuces dans notre \u00ab\u00a0<a rel=\"noreferrer noopener\" href=\"http:\/\/www.team-outdoor.fr\/blog\/category\/coin-conseils\/\" target=\"_blank\"><strong>petit coin conseils<\/strong><\/a>\u00ab\u00a0. A d\u00e9couvrir \u00e9galement les s\u00e9ances pr\u00e9f\u00e9r\u00e9es de la Team <a rel=\"noreferrer noopener\" href=\"https:\/\/www.facebook.com\/pg\/teamoutdoor\/notes\/\" target=\"_blank\"><strong>ici<\/strong><\/a> N&rsquo;h\u00e9sitez pas, d&rsquo;ailleurs, \u00e0 partager votre propre exp\u00e9rience ou \u00e0 r\u00e9agir sur nos diff\u00e9rents articles, ce blog et notre page facebook sont faits pour \u00e7a! <\/p>\n\n\n\n<div style=\"height:20px\" aria-hidden=\"true\" class=\"wp-block-spacer\"><\/div>\n\n\n\n<p class=\"has-very-dark-gray-color has-text-color\" style=\"font-size:clamp(14px, 0.875rem + ((1vw - 3.2px) * 0.313), 18px);px\"><strong>Voici les horaires d&rsquo;ouverture de notre magasin :<\/strong><\/p>\n\n\n\n<div style=\"height:20px\" aria-hidden=\"true\" class=\"wp-block-spacer\"><\/div>\n\n\n\n<p class=\"has-very-dark-gray-color has-text-color has-normal-font-size\"><strong>lundi<\/strong> : 12h &#8211; 19h<br><strong>mardi<\/strong> : 11h &#8211; 19h<br><strong>mercredi<\/strong> : 11h &#8211; 19h<br><strong>jeudi<\/strong> : 11h &#8211; 19h<br><strong>vendredi<\/strong> : 11h &#8211; 19h<br><strong>samedi<\/strong> : 10h &#8211; 19h<\/p>\n\n\n\n<div style=\"height:20px\" aria-hidden=\"true\" class=\"wp-block-spacer\"><\/div>\n\n\n\n<p class=\"has-black-color has-text-color\" style=\"font-size:clamp(14px, 0.875rem + ((1vw - 3.2px) * 0.313), 18px);\">Si vous souhaitez rejoindre notre \u00e9quipe magasin, un poste de Conseil Vente est actuellement \u00e0 pourvoir. Voir les d\u00e9tails de l&rsquo;annonce ici : <a href=\"https:\/\/www.team-outdoor.fr\/blog\/rejoignez-nous-en-tant-que-conseiller-de-vente-specialiste-running-outdoor\/\">https:\/\/www.team-outdoor.fr\/blog\/rejoignez-nous-en-tant-que-conseiller-de-vente-specialiste-running-outdoor\/<\/a><\/p>\n\n\n\n<figure class=\"wp-block-image size-full\"><a href=\"https:\/\/www.team-outdoor.fr\/blog\/wp-content\/uploads\/2025\/03\/Votre-texte-de-paragraphe-scaled.jpg\"><img loading=\"lazy\" decoding=\"async\" width=\"2048\" height=\"2560\" src=\"https:\/\/www.team-outdoor.fr\/blog\/wp-content\/uploads\/2025\/03\/Votre-texte-de-paragraphe-scaled.jpg\" alt=\"\" class=\"wp-image-17757\" srcset=\"https:\/\/www.team-outdoor.fr\/blog\/wp-content\/uploads\/2025\/03\/Votre-texte-de-paragraphe-scaled.jpg 2048w, https:\/\/www.team-outdoor.fr\/blog\/wp-content\/uploads\/2025\/03\/Votre-texte-de-paragraphe-240x300.jpg 240w, https:\/\/www.team-outdoor.fr\/blog\/wp-content\/uploads\/2025\/03\/Votre-texte-de-paragraphe-819x1024.jpg 819w, https:\/\/www.team-outdoor.fr\/blog\/wp-content\/uploads\/2025\/03\/Votre-texte-de-paragraphe-768x960.jpg 768w, https:\/\/www.team-outdoor.fr\/blog\/wp-content\/uploads\/2025\/03\/Votre-texte-de-paragraphe-1229x1536.jpg 1229w, https:\/\/www.team-outdoor.fr\/blog\/wp-content\/uploads\/2025\/03\/Votre-texte-de-paragraphe-1638x2048.jpg 1638w\" sizes=\"auto, (max-width: 2048px) 100vw, 2048px\" \/><\/a><\/figure>\n\n\n\n<div style=\"height:20px\" aria-hidden=\"true\" class=\"wp-block-spacer\"><\/div>\n\n\n<p style=\"text-align: center;\"><span style=\"font-size: 16px; color: #000000;\"><strong>Pour nous rejoindre :<\/strong><\/span><\/p>\n<p style=\"text-align: center;\"><iframe loading=\"lazy\" src=\"https:\/\/maps.google.fr\/maps?f=q&amp;source=s_q&amp;hl=fr&amp;geocode=&amp;q=Team+Outdoor,+Place+%C3%89douard+Renard,+Paris&amp;aq=0&amp;oq=Team+outdoor&amp;sll=48.680793,2.502588&amp;sspn=2.426383,6.696167&amp;ie=UTF8&amp;hq=Team+Outdoor,&amp;hnear=Place+%C3%89douard+Renard,+75012+Paris,+%C3%8Ele-de-France&amp;t=m&amp;ll=48.834936,2.407036&amp;spn=0.004237,0.006416&amp;z=16&amp;iwloc=A&amp;output=embed\" marginwidth=\"0\" marginheight=\"0\" scrolling=\"no\" width=\"300\" height=\"300\" frameborder=\"0\"><\/iframe><small><\/small><span style=\"color: #000000; font-size: 12pt;\">&nbsp;<\/span><\/p>\n\n\n<div style=\"height:20px\" aria-hidden=\"true\" class=\"wp-block-spacer\"><\/div>\n\n\n\n<p class=\"has-very-dark-gray-color has-text-color\" style=\"font-size:clamp(14px, 0.875rem + ((1vw - 3.2px) * 0.313), 18px);px\"><strong>En attendant de vous accueillir dans notre magasin, nous vous souhaitons beaucoup de plaisir sur les routes et chemins.<\/strong><\/p>\n\n\n\n<div style=\"height:20px\" aria-hidden=\"true\" class=\"wp-block-spacer\"><\/div>\n\n\n\n<p class=\"has-very-dark-gray-color has-text-color has-medium-font-size\"><strong>L&rsquo;\u00e9quipe de Team Outdoor<\/strong><\/p>\n","protected":false},"excerpt":{"rendered":"<p>Team Outdoor, 2 Place Edouard RENARD &#8211; 75 012 PARIS &#8211; Bois de Vincennes TEAM OUTDOOR c&rsquo;est un magasin sp\u00e9cialis\u00e9 en Course \u00e0 Pied, Trail, Triathlon, SwimRun, Marche Nordique, Bungy Pump et, en Canicross, avec des produits d\u00e9di\u00e9s \u00e0 votre pratique. Team Outdoor c&rsquo;est aussi, une boutique de vente en ligne : www-team-outdoor.fr. d\u00e9couvrez l&rsquo;ambiance [&hellip;]<\/p>\n","protected":false},"author":1,"featured_media":0,"parent":0,"menu_order":0,"comment_status":"open","ping_status":"open","template":"","meta":{"ngg_post_thumbnail":0,"footnotes":""},"class_list":["post-77","page","type-page","status-publish","hentry","has-post-title","has-post-date","has-post-category","has-post-tag","has-post-comment","has-post-author",""],"_links":{"self":[{"href":"https:\/\/www.team-outdoor.fr\/blog\/wp-json\/wp\/v2\/pages\/77","targetHints":{"allow":["GET"]}}],"collection":[{"href":"https:\/\/www.team-outdoor.fr\/blog\/wp-json\/wp\/v2\/pages"}],"about":[{"href":"https:\/\/www.team-outdoor.fr\/blog\/wp-json\/wp\/v2\/types\/page"}],"author":[{"embeddable":true,"href":"https:\/\/www.team-outdoor.fr\/blog\/wp-json\/wp\/v2\/users\/1"}],"replies":[{"embeddable":true,"href":"https:\/\/www.team-outdoor.fr\/blog\/wp-json\/wp\/v2\/comments?post=77"}],"version-history":[{"count":68,"href":"https:\/\/www.team-outdoor.fr\/blog\/wp-json\/wp\/v2\/pages\/77\/revisions"}],"predecessor-version":[{"id":17771,"href":"https:\/\/www.team-outdoor.fr\/blog\/wp-json\/wp\/v2\/pages\/77\/revisions\/17771"}],"wp:attachment":[{"href":"https:\/\/www.team-outdoor.fr\/blog\/wp-json\/wp\/v2\/media?parent=77"}],"curies":[{"name":"wp","href":"https:\/\/api.w.org\/{rel}","templated":true}]}}